{"id":14,"date":"2021-07-26T15:14:21","date_gmt":"2021-07-26T13:14:21","guid":{"rendered":"http:\/\/www.lamgm.com\/V1\/?page_id=14"},"modified":"2021-09-16T16:43:12","modified_gmt":"2021-09-16T14:43:12","slug":"entreprise","status":"publish","type":"page","link":"http:\/\/www.lamgm.com\/V1\/entreprise\/","title":{"rendered":"ENTREPRISE"},"content":{"rendered":"<p>[et_pb_section fb_built=\u00a0\u00bb1&Prime; fullwidth=\u00a0\u00bbon\u00a0\u00bb _builder_version=\u00a0\u00bb3.22&Prime; background_color=\u00a0\u00bb#2ea3f2&Prime; use_background_color_gradient=\u00a0\u00bbon\u00a0\u00bb background_color_gradient_start=\u00a0\u00bb#2ea3f2&Prime; background_color_gradient_end=\u00a0\u00bb#2e6df4&Prime; background_color_gradient_direction=\u00a0\u00bb330deg\u00a0\u00bb][et_pb_fullwidth_header title=\u00a0\u00bbL&rsquo;ENTREPRISE\u00a0\u00bb _builder_version=\u00a0\u00bb4.9.10&Prime; title_font=\u00a0\u00bb||||||||\u00a0\u00bb background_color=\u00a0\u00bbrgba(255, 255, 255, 0)\u00a0\u00bb background_image=\u00a0\u00bbhttp:\/\/www.lamgm.com\/V1\/wp-content\/uploads\/2021\/07\/usi-scaled.jpg\u00a0\u00bb parallax=\u00a0\u00bbon\u00a0\u00bb min_height=\u00a0\u00bb258px\u00a0\u00bb button_one_text_size__hover_enabled=\u00a0\u00bboff\u00a0\u00bb button_two_text_size__hover_enabled=\u00a0\u00bboff\u00a0\u00bb button_one_text_color__hover_enabled=\u00a0\u00bboff\u00a0\u00bb button_two_text_color__hover_enabled=\u00a0\u00bboff\u00a0\u00bb button_one_border_width__hover_enabled=\u00a0\u00bboff\u00a0\u00bb button_two_border_width__hover_enabled=\u00a0\u00bboff\u00a0\u00bb button_one_border_color__hover_enabled=\u00a0\u00bboff\u00a0\u00bb button_two_border_color__hover_enabled=\u00a0\u00bboff\u00a0\u00bb button_one_border_radius__hover_enabled=\u00a0\u00bboff\u00a0\u00bb button_two_border_radius__hover_enabled=\u00a0\u00bboff\u00a0\u00bb button_one_letter_spacing__hover_enabled=\u00a0\u00bboff\u00a0\u00bb button_two_letter_spacing__hover_enabled=\u00a0\u00bboff\u00a0\u00bb button_one_bg_color__hover_enabled=\u00a0\u00bboff\u00a0\u00bb button_two_bg_color__hover_enabled=\u00a0\u00bboff\u00a0\u00bb][\/et_pb_fullwidth_header][\/et_pb_section][et_pb_section fb_built=\u00a0\u00bb1&Prime; _builder_version=\u00a0\u00bb3.22&Prime;][et_pb_row _builder_version=\u00a0\u00bb3.25&Prime; background_size=\u00a0\u00bbinitial\u00a0\u00bb background_position=\u00a0\u00bbtop_left\u00a0\u00bb background_repeat=\u00a0\u00bbrepeat\u00a0\u00bb][et_pb_column type=\u00a0\u00bb4_4&Prime; _builder_version=\u00a0\u00bb3.25&Prime; custom_padding=\u00a0\u00bb|||\u00a0\u00bb custom_padding__hover=\u00a0\u00bb|||\u00a0\u00bb][et_pb_text _builder_version=\u00a0\u00bb4.9.10&Prime; _module_preset=\u00a0\u00bbdefault\u00a0\u00bb text_font=\u00a0\u00bb|800|||||||\u00a0\u00bb header_font=\u00a0\u00bb|700||||||#0C71C3|\u00a0\u00bb header_text_align=\u00a0\u00bbcenter\u00a0\u00bb header_font_size=\u00a0\u00bb40px\u00a0\u00bb]<\/p>\n<h1>HISTORIQUE<\/h1>\n<p>[\/et_pb_text][et_pb_text _builder_version=\u00a0\u00bb4.9.10&Prime; text_font_size=\u00a0\u00bb16px\u00a0\u00bb background_size=\u00a0\u00bbinitial\u00a0\u00bb background_position=\u00a0\u00bbtop_left\u00a0\u00bb background_repeat=\u00a0\u00bbrepeat\u00a0\u00bb]<\/p>\n<p style=\"text-align: justify;\"><strong>N\u00e9e de l&rsquo;association des structures historiques SMSE, AMGM, et LET tolerie,\u00a0<\/strong>la MGM est un <strong>support administratif et commercial\u00a0<\/strong>pour ces trois structures d\u00e9di\u00e9es exclusivement \u00e0 la production. <strong>Implant\u00e9es dans la m\u00eame r\u00e9gion<\/strong>, leur proximit\u00e9 garantit <strong>une grande r\u00e9activit\u00e9 et une souplesse.<\/strong><o:p><\/o:p><\/p>\n<p><strong>Quelques dates importantes dans l&rsquo;histoire de LA MGM&#8230;\u00a0<\/strong><\/p>\n<p><strong><\/strong><\/p>\n<table style=\"border-collapse: collapse; width: 100%;\" border=\"1\">\n<tbody>\n<tr>\n<td style=\"width: 50%;\">\n<ul>\n<li><strong>Mai 2008<\/strong>: Cr\u00e9ation de LA MGM<\/li>\n<li><strong> Mai 2008\u00a0<\/strong>: Association avec AMGM<\/li>\n<\/ul>\n<\/td>\n<td style=\"width: 50%;\">\n<ul>\n<li><strong>Novembre 2010\u00a0<\/strong>: Association avec LET<\/li>\n<li><strong>Novembre 201<\/strong><strong><\/strong><strong>3<\/strong>: Association avec SMSE<\/li>\n<\/ul>\n<\/td>\n<\/tr>\n<\/tbody>\n<\/table>\n<ul><\/ul>\n<p>[\/et_pb_text][et_pb_text _builder_version=\u00a0\u00bb4.9.10&Prime; _module_preset=\u00a0\u00bbdefault\u00a0\u00bb text_font=\u00a0\u00bb||||||||\u00a0\u00bb header_font=\u00a0\u00bb||||||||\u00a0\u00bb background_color=\u00a0\u00bbrgba(63,63,63,0.45)\u00a0\u00bb hover_enabled=\u00a0\u00bb0&Prime; sticky_enabled=\u00a0\u00bb0&Prime;]<\/p>\n<h3 style=\"text-align: center;\">La Qualit\u00e9 est notre Priorit\u00e9\u2026<br \/>Cela vous garantie d\u2019obtenir la constance dans la conformit\u00e9 de vos projets.<\/h3>\n<p>[\/et_pb_text][\/et_pb_column][\/et_pb_row][et_pb_row column_structure=\u00a0\u00bb1_2,1_2&Prime; _builder_version=\u00a0\u00bb3.25&Prime; background_size=\u00a0\u00bbinitial\u00a0\u00bb background_position=\u00a0\u00bbtop_left\u00a0\u00bb background_repeat=\u00a0\u00bbrepeat\u00a0\u00bb][et_pb_column type=\u00a0\u00bb1_2&Prime; _builder_version=\u00a0\u00bb3.25&Prime; custom_padding=\u00a0\u00bb|||\u00a0\u00bb custom_padding__hover=\u00a0\u00bb|||\u00a0\u00bb][et_pb_text _builder_version=\u00a0\u00bb4.9.10&Prime; _module_preset=\u00a0\u00bbdefault\u00a0\u00bb header_font=\u00a0\u00bb|700||||||#0C71C3|solid\u00a0\u00bb header_font_size=\u00a0\u00bb40px\u00a0\u00bb]<\/p>\n<h1>Mission &amp; Valeurs<\/h1>\n<p>[\/et_pb_text][et_pb_text _builder_version=\u00a0\u00bb4.9.10&Prime; text_font_size=\u00a0\u00bb16px\u00a0\u00bb background_size=\u00a0\u00bbinitial\u00a0\u00bb background_position=\u00a0\u00bbtop_left\u00a0\u00bb background_repeat=\u00a0\u00bbrepeat\u00a0\u00bb]<\/p>\n<p>\u00a0Nos \u00e9quipes s&rsquo;engagent\u00a0\u00e0 b\u00e2tir<strong> l\u2019excellence<\/strong> tout en privil\u00e9giant les valeurs<\/p>\n<p style=\"text-align: justify;\"><strong>d\u2019int\u00e9grit\u00e9, de responsabilit\u00e9, de rigueur,\u00a0de qualit\u00e9 du produit et de la satisfaction du client.<\/strong><\/p>\n<p style=\"text-align: justify;\">Pour vous servir, LA MGM met \u00e0\u00a0votre disposition une \u00e9quipe d\u2019<strong>une cinquantaine d\u2019employ\u00e9s\u00a0<\/strong>qui au fil des ans ont su d\u00e9velopper <strong>des comp\u00e9tences professionnelles<\/strong> et <strong>un service de soutien exceptionnel.<\/strong><\/p>\n<p>[\/et_pb_text][\/et_pb_column][et_pb_column type=\u00a0\u00bb1_2&Prime; _builder_version=\u00a0\u00bb3.25&Prime; custom_padding=\u00a0\u00bb|||\u00a0\u00bb custom_padding__hover=\u00a0\u00bb|||\u00a0\u00bb][et_pb_image src=\u00a0\u00bbhttp:\/\/www.lamgm.com\/V1\/wp-content\/uploads\/2021\/07\/Facade-LA-MGM-SMSE-01.jpg\u00a0\u00bb title_text=\u00a0\u00bbFa\u00e7ade LA MGM SMSE 01&Prime; _builder_version=\u00a0\u00bb4.9.10&Prime; _module_preset=\u00a0\u00bbdefault\u00a0\u00bb hover_enabled=\u00a0\u00bb0&Prime; sticky_enabled=\u00a0\u00bb0&Prime;][\/et_pb_image][\/et_pb_column][\/et_pb_row][\/et_pb_section]<\/p>\n","protected":false},"excerpt":{"rendered":"<p>HISTORIQUEN\u00e9e de l&rsquo;association des structures historiques SMSE, AMGM, et LET tolerie,\u00a0la MGM est un support administratif et commercial\u00a0pour ces trois structures d\u00e9di\u00e9es exclusivement \u00e0 la production. Implant\u00e9es dans la m\u00eame r\u00e9gion, leur proximit\u00e9 garantit une grande r\u00e9activit\u00e9 et une souplesse. Quelques dates importantes dans l&rsquo;histoire de LA MGM&#8230;\u00a0 Mai 2008: Cr\u00e9ation de LA MGM Mai [&hellip;]<\/p>\n","protected":false},"author":1,"featured_media":0,"parent":0,"menu_order":0,"comment_status":"closed","ping_status":"open","template":"","meta":{"_et_pb_use_builder":"on","_et_pb_old_content":"<!-- wp:divi\/placeholder \/-->","_et_gb_content_width":"","footnotes":""},"class_list":["post-14","page","type-page","status-publish","hentry"],"_links":{"self":[{"href":"http:\/\/www.lamgm.com\/V1\/wp-json\/wp\/v2\/pages\/14","targetHints":{"allow":["GET"]}}],"collection":[{"href":"http:\/\/www.lamgm.com\/V1\/wp-json\/wp\/v2\/pages"}],"about":[{"href":"http:\/\/www.lamgm.com\/V1\/wp-json\/wp\/v2\/types\/page"}],"author":[{"embeddable":true,"href":"http:\/\/www.lamgm.com\/V1\/wp-json\/wp\/v2\/users\/1"}],"replies":[{"embeddable":true,"href":"http:\/\/www.lamgm.com\/V1\/wp-json\/wp\/v2\/comments?post=14"}],"version-history":[{"count":11,"href":"http:\/\/www.lamgm.com\/V1\/wp-json\/wp\/v2\/pages\/14\/revisions"}],"predecessor-version":[{"id":305,"href":"http:\/\/www.lamgm.com\/V1\/wp-json\/wp\/v2\/pages\/14\/revisions\/305"}],"wp:attachment":[{"href":"http:\/\/www.lamgm.com\/V1\/wp-json\/wp\/v2\/media?parent=14"}],"curies":[{"name":"wp","href":"https:\/\/api.w.org\/{rel}","templated":true}]}}