{"id":250,"date":"2021-09-10T16:01:56","date_gmt":"2021-09-10T14:01:56","guid":{"rendered":"http:\/\/www.lamgm.com\/V1\/?page_id=250"},"modified":"2021-09-16T16:46:18","modified_gmt":"2021-09-16T14:46:18","slug":"secteurs-dactivite","status":"publish","type":"page","link":"http:\/\/www.lamgm.com\/V1\/secteurs-dactivite\/","title":{"rendered":"SECTEURS D&rsquo;ACTIVIT\u00c9"},"content":{"rendered":"<p>[et_pb_section fb_built=\u00a0\u00bb1&Prime; fullwidth=\u00a0\u00bbon\u00a0\u00bb _builder_version=\u00a0\u00bb3.22&Prime; background_color=\u00a0\u00bb#2ea3f2&Prime; use_background_color_gradient=\u00a0\u00bbon\u00a0\u00bb background_color_gradient_start=\u00a0\u00bb#2ea3f2&Prime; background_color_gradient_end=\u00a0\u00bb#2e6df4&Prime; background_color_gradient_direction=\u00a0\u00bb330deg\u00a0\u00bb][et_pb_fullwidth_header title=\u00a0\u00bbSECTEURS D&rsquo;ACTIVIT\u00c9\u00a0\u00bb _builder_version=\u00a0\u00bb4.9.10&Prime; background_color=\u00a0\u00bbrgba(255, 255, 255, 0)\u00a0\u00bb background_image=\u00a0\u00bbhttp:\/\/www.lamgm.com\/V1\/wp-content\/uploads\/2021\/07\/lamgm-dmecanosoudure-scaled.jpg\u00a0\u00bb parallax=\u00a0\u00bbon\u00a0\u00bb button_one_text_size__hover_enabled=\u00a0\u00bboff\u00a0\u00bb button_two_text_size__hover_enabled=\u00a0\u00bboff\u00a0\u00bb button_one_text_color__hover_enabled=\u00a0\u00bboff\u00a0\u00bb button_two_text_color__hover_enabled=\u00a0\u00bboff\u00a0\u00bb button_one_border_width__hover_enabled=\u00a0\u00bboff\u00a0\u00bb button_two_border_width__hover_enabled=\u00a0\u00bboff\u00a0\u00bb button_one_border_color__hover_enabled=\u00a0\u00bboff\u00a0\u00bb button_two_border_color__hover_enabled=\u00a0\u00bboff\u00a0\u00bb button_one_border_radius__hover_enabled=\u00a0\u00bboff\u00a0\u00bb button_two_border_radius__hover_enabled=\u00a0\u00bboff\u00a0\u00bb button_one_letter_spacing__hover_enabled=\u00a0\u00bboff\u00a0\u00bb button_two_letter_spacing__hover_enabled=\u00a0\u00bboff\u00a0\u00bb button_one_bg_color__hover_enabled=\u00a0\u00bboff\u00a0\u00bb button_two_bg_color__hover_enabled=\u00a0\u00bboff\u00a0\u00bb][\/et_pb_fullwidth_header][\/et_pb_section][et_pb_section fb_built=\u00a0\u00bb1&Prime; _builder_version=\u00a0\u00bb4.9.10&Prime; _module_preset=\u00a0\u00bbdefault\u00a0\u00bb min_height=\u00a0\u00bb237.5px\u00a0\u00bb custom_margin=\u00a0\u00bb||-4px|||\u00a0\u00bb custom_padding=\u00a0\u00bb||0px|||\u00a0\u00bb][et_pb_row _builder_version=\u00a0\u00bb4.9.10&Prime; _module_preset=\u00a0\u00bbdefault\u00a0\u00bb][et_pb_column type=\u00a0\u00bb4_4&Prime; _builder_version=\u00a0\u00bb4.9.10&Prime; _module_preset=\u00a0\u00bbdefault\u00a0\u00bb][et_pb_blurb title=\u00a0\u00bbSecteurs d&rsquo;activit\u00e9\u00a0\u00bb use_icon=\u00a0\u00bbon\u00a0\u00bb font_icon=\u00a0\u00bb%%125%%\u00a0\u00bb icon_color=\u00a0\u00bb#FFFFFF\u00a0\u00bb use_circle=\u00a0\u00bbon\u00a0\u00bb circle_color=\u00a0\u00bb#0C71C3&Prime; use_circle_border=\u00a0\u00bbon\u00a0\u00bb circle_border_color=\u00a0\u00bb#f7f7f7&Prime; use_icon_font_size=\u00a0\u00bbon\u00a0\u00bb icon_font_size=\u00a0\u00bb100px\u00a0\u00bb _builder_version=\u00a0\u00bb4.9.10&Prime; header_level=\u00a0\u00bbh1&Prime; header_font=\u00a0\u00bb|700|||||||\u00a0\u00bb background_size=\u00a0\u00bbinitial\u00a0\u00bb background_position=\u00a0\u00bbtop_left\u00a0\u00bb background_repeat=\u00a0\u00bbrepeat\u00a0\u00bb text_orientation=\u00a0\u00bbcenter\u00a0\u00bb locked=\u00a0\u00bboff\u00a0\u00bb][\/et_pb_blurb][\/et_pb_column][\/et_pb_row][\/et_pb_section][et_pb_section fb_built=\u00a0\u00bb1&Prime; specialty=\u00a0\u00bbon\u00a0\u00bb _builder_version=\u00a0\u00bb4.9.10&Prime; hover_enabled=\u00a0\u00bb0&Prime; background_enable_image=\u00a0\u00bboff\u00a0\u00bb sticky_enabled=\u00a0\u00bb0&Prime;][et_pb_column type=\u00a0\u00bb1_4&Prime; _builder_version=\u00a0\u00bb3.25&Prime; custom_padding=\u00a0\u00bb|||\u00a0\u00bb custom_padding__hover=\u00a0\u00bb|||\u00a0\u00bb][et_pb_image src=\u00a0\u00bbhttp:\/\/www.lamgm.com\/V1\/wp-content\/uploads\/2021\/09\/fond-logo.png\u00a0\u00bb _builder_version=\u00a0\u00bb4.9.10&Prime; _module_preset=\u00a0\u00bbdefault\u00a0\u00bb title_text=\u00a0\u00bbfond logo\u00a0\u00bb hover_enabled=\u00a0\u00bb0&Prime; sticky_enabled=\u00a0\u00bb0&Prime;][\/et_pb_image][\/et_pb_column][et_pb_column type=\u00a0\u00bb1_2&Prime; specialty_columns=\u00a0\u00bb2&Prime; _builder_version=\u00a0\u00bb3.25&Prime; custom_padding=\u00a0\u00bb|||\u00a0\u00bb custom_padding__hover=\u00a0\u00bb|||\u00a0\u00bb][et_pb_row_inner _builder_version=\u00a0\u00bb4.9.10&Prime; _module_preset=\u00a0\u00bbdefault\u00a0\u00bb][et_pb_column_inner saved_specialty_column_type=\u00a0\u00bb1_2&Prime; _builder_version=\u00a0\u00bb4.9.10&Prime; _module_preset=\u00a0\u00bbdefault\u00a0\u00bb][et_pb_text _builder_version=\u00a0\u00bb4.9.10&Prime; _module_preset=\u00a0\u00bbdefault\u00a0\u00bb text_text_color=\u00a0\u00bb#000000&Prime; text_font_size=\u00a0\u00bb18px\u00a0\u00bb]<\/p>\n<ul>\n<li>Ferroviaire<\/li>\n<li>Poids lourds &amp; V\u00e9hicules Divers<\/li>\n<li>V\u00e9hicules Agricoles<\/li>\n<li>M\u00e9tallurgie<\/li>\n<li>Armement<\/li>\n<li>Travaux publics<\/li>\n<li>Levage manutention<\/li>\n<li>Energie diverses<\/li>\n<\/ul>\n<p>[\/et_pb_text][\/et_pb_column_inner][\/et_pb_row_inner][et_pb_row_inner _builder_version=\u00a0\u00bb4.9.10&Prime; _module_preset=\u00a0\u00bbdefault\u00a0\u00bb][et_pb_column_inner saved_specialty_column_type=\u00a0\u00bb1_2&Prime; _builder_version=\u00a0\u00bb4.9.10&Prime; _module_preset=\u00a0\u00bbdefault\u00a0\u00bb][\/et_pb_column_inner][\/et_pb_row_inner][\/et_pb_column][et_pb_column type=\u00a0\u00bb1_4&Prime; _builder_version=\u00a0\u00bb3.25&Prime; custom_padding=\u00a0\u00bb|||\u00a0\u00bb custom_padding__hover=\u00a0\u00bb|||\u00a0\u00bb][et_pb_text _builder_version=\u00a0\u00bb4.9.10&Prime; _module_preset=\u00a0\u00bbdefault\u00a0\u00bb text_text_color=\u00a0\u00bb#000000&Prime; text_font_size=\u00a0\u00bb18px\u00a0\u00bb]<\/p>\n<p><em>LA MGM&#8230;<\/em><\/p>\n<p><em>Une r\u00e9ponse<br \/><\/em><em>\u00e0 toutes les attentes&#8230;<\/em><em>\u2028<\/em><\/p>\n<ul>\n<li><em>R\u00e9active&#8230; A l&rsquo;\u00e9coute\u00a0<\/em><\/li>\n<li><em>Contact personnalis\u00e9<\/em><\/li>\n<li><em>Une \u00e9quipe soud\u00e9e &amp;\u00a0fiable<\/em><\/li>\n<li><em>Des comp\u00e9tences multiples<\/em><\/li>\n<\/ul>\n<p><em>Appuy\u00e9e sur un tissu<br \/><\/em><em>industriel\u00a0vari\u00e9 et efficace<br \/><\/em><em>permettant<\/em><em>\u00a0<\/em><em>de s&rsquo;adapter<br \/><\/em><em>\u00e0 tous vos besoins.<br \/><\/em><em>Une bonne ma\u00eetrise\u2028de la logistique.<\/em><\/p>\n<p><em>Soumettez-nous vos demandes,<br \/><\/em><em>nous trouverons ensemble<br \/><\/em><em>les solutions&#8230;<\/em><\/p>\n<p><strong><em>\u00c9TUDIER<br \/><\/em><\/strong><strong><em>OPTIMISER<br \/><\/em><\/strong><strong><em>CONCEVOIR<br \/><\/em><\/strong><strong><em>PRODUIRE<br \/><\/em><\/strong><strong><em>PROT\u00c9GER<br \/>A<\/em><\/strong><strong><em>SSEMBLER<\/em><\/strong><\/p>\n<p>[\/et_pb_text][\/et_pb_column][\/et_pb_section]<\/p>\n","protected":false},"excerpt":{"rendered":"<p>Ferroviaire Poids lourds &amp; V\u00e9hicules Divers V\u00e9hicules Agricoles M\u00e9tallurgie Armement Travaux publics Levage manutention Energie diverses LA MGM&#8230; Une r\u00e9ponse\u00e0 toutes les attentes&#8230;\u2028 R\u00e9active&#8230; A l&rsquo;\u00e9coute\u00a0 Contact personnalis\u00e9 Une \u00e9quipe soud\u00e9e &amp;\u00a0fiable Des comp\u00e9tences multiples Appuy\u00e9e sur un tissuindustriel\u00a0vari\u00e9 et efficacepermettant\u00a0de s&rsquo;adapter\u00e0 tous vos besoins.Une bonne ma\u00eetrise\u2028de la logistique. Soumettez-nous vos demandes,nous trouverons ensembleles solutions&#8230; [&hellip;]<\/p>\n","protected":false},"author":1,"featured_media":0,"parent":0,"menu_order":0,"comment_status":"closed","ping_status":"closed","template":"","meta":{"_et_pb_use_builder":"on","_et_pb_old_content":"","_et_gb_content_width":"","footnotes":""},"class_list":["post-250","page","type-page","status-publish","hentry"],"_links":{"self":[{"href":"http:\/\/www.lamgm.com\/V1\/wp-json\/wp\/v2\/pages\/250","targetHints":{"allow":["GET"]}}],"collection":[{"href":"http:\/\/www.lamgm.com\/V1\/wp-json\/wp\/v2\/pages"}],"about":[{"href":"http:\/\/www.lamgm.com\/V1\/wp-json\/wp\/v2\/types\/page"}],"author":[{"embeddable":true,"href":"http:\/\/www.lamgm.com\/V1\/wp-json\/wp\/v2\/users\/1"}],"replies":[{"embeddable":true,"href":"http:\/\/www.lamgm.com\/V1\/wp-json\/wp\/v2\/comments?post=250"}],"version-history":[{"count":6,"href":"http:\/\/www.lamgm.com\/V1\/wp-json\/wp\/v2\/pages\/250\/revisions"}],"predecessor-version":[{"id":307,"href":"http:\/\/www.lamgm.com\/V1\/wp-json\/wp\/v2\/pages\/250\/revisions\/307"}],"wp:attachment":[{"href":"http:\/\/www.lamgm.com\/V1\/wp-json\/wp\/v2\/media?parent=250"}],"curies":[{"name":"wp","href":"https:\/\/api.w.org\/{rel}","templated":true}]}}